{"id":22,"date":"2013-02-23T10:51:29","date_gmt":"2013-02-23T10:51:29","guid":{"rendered":"http:\/\/profixsurf.com.br\/?page_id=22"},"modified":"2022-03-18T20:05:23","modified_gmt":"2022-03-18T23:05:23","slug":"quem-somos","status":"publish","type":"page","link":"https:\/\/profixsurf.com.br\/?page_id=22","title":{"rendered":"Quem Somos"},"content":{"rendered":"<p><a href=\"https:\/\/i0.wp.com\/profixsurf.com.br\/wp-content\/uploads\/2013\/02\/IMG_2049-C%C3%B3pia.jpg\"><img data-recalc-dims=\"1\" loading=\"lazy\" decoding=\"async\" class=\"aligncenter size-full wp-image-18\" src=\"https:\/\/i0.wp.com\/profixsurf.com.br\/wp-content\/uploads\/2013\/02\/IMG_2049-C%C3%B3pia.jpg?resize=525%2C394\" alt=\"IMG_2049 (C\u00f3pia)\" width=\"525\" height=\"394\" srcset=\"https:\/\/i0.wp.com\/profixsurf.com.br\/wp-content\/uploads\/2013\/02\/IMG_2049-C%C3%B3pia.jpg?w=640&amp;ssl=1 640w, https:\/\/i0.wp.com\/profixsurf.com.br\/wp-content\/uploads\/2013\/02\/IMG_2049-C%C3%B3pia.jpg?resize=300%2C225&amp;ssl=1 300w\" sizes=\"(max-width: 525px) 100vw, 525px\" \/><\/a><strong>Venha nos visitar e conhecer os nossos produtos!<\/strong><\/p>\n<p>A PROFIX surgiu em 1996, quando dois grandes amigos, Adriano e Tadashi resolveram fazer uma loja voltada ao p\u00fablico na Barra da Lagoa, fornecendo basicamente o acesso a reparos de pranchas de surf (que antes s\u00f3 era encontrado em f\u00e1bricas de pranchas) e vendas de pranchas usadas e eventualmente algumas novas.<\/p>\n<p>Com o passar dos anos, uma loja que abria no ver\u00e3o, passou a abrir de segunda a s\u00e1bado, o ano inteiro, oferecendo al\u00e9m dos reparos, venda da sua prancha usada, pranchas novas, &#8216;tow boards&#8217;, e &#8216;stand up&#8217; e uma infinidade de acess\u00f3rios ( parafina, cordinhas, decks, capas, etc) de algumas das melhores marcas do Brasil como Bully&#8217;s, FCS, Brasil Natural, entre outros.<\/p>\n<p>Com mais de 150 pranchas usados e 30 novas possu\u00edmos alguns dos melhores pre\u00e7os da regi\u00e3o por trabalharmos somente com pranchas consignadas, pre\u00e7o de surfista para surfista. Oferecemos prancha soft (de espuma) para surfistas iniciantes, &#8216;stand up&#8217; e pranchas TOW IN, &nbsp;tamb\u00e9m trabalhamos com encomendas de algumas das melhores marcas de pranchas de surf do Brasil.<\/p>\n<p><strong>LOCALIZA\u00c7\u00c3O<\/strong><\/p>\n<p>Rodovia Jornalista Manoel Menezes 2690<br \/>\nBarra da Lagoa &#8211; Florian\u00f3polis &#8211; SC<br \/>\n( cerca do Restaurante Pa\u00e7ai)<\/p>\n<p><strong>Telefones:<\/strong><br \/>\nFixo (48) 3232 5325<br \/>\nCelular (48) 99967 9867<\/p>\n<p><iframe loading=\"lazy\" style=\"border: 0;\" tabindex=\"0\" src=\"https:\/\/www.google.com\/maps\/embed?pb=!1m18!1m12!1m3!1d3536.1312435405716!2d-48.43801148494056!3d-27.58946038284089!2m3!1f0!2f0!3f0!3m2!1i1024!2i768!4f13.1!3m3!1m2!1s0x95273e60fc1bd9b9%3A0x92215aeb50a6a6c7!2sRod.%20Jorn.%20Manoel%20de%20Menezes%2C%202690%2C%20Florian%C3%B3polis%20-%20SC%2C%2088061-701!5e0!3m2!1spt-BR!2sbr!4v1591195018907!5m2!1spt-BR!2sbr\" width=\"600\" height=\"450\" frameborder=\"0\" allowfullscreen=\"allowfullscreen\" aria-hidden=\"false\"><\/iframe><\/p>\n","protected":false},"excerpt":{"rendered":"<p>Venha nos visitar e conhecer os nossos produtos! A PROFIX surgiu em 1996, quando dois grandes amigos, Adriano e Tadashi resolveram fazer uma loja voltada ao p\u00fablico na Barra da Lagoa, fornecendo basicamente o acesso a reparos de pranchas de surf (que antes s\u00f3 era encontrado em f\u00e1bricas de pranchas) e vendas de pranchas usadas &hellip; <\/p>\n<p class=\"link-more\"><a href=\"https:\/\/profixsurf.com.br\/?page_id=22\" class=\"more-link\">Continue lendo<span class=\"screen-reader-text\"> &#8220;Quem Somos&#8221;<\/span><\/a><\/p>\n","protected":false},"author":1,"featured_media":420,"parent":0,"menu_order":10,"comment_status":"closed","ping_status":"closed","template":"","meta":{"ngg_post_thumbnail":0,"_joinchat":[],"footnotes":""},"class_list":["post-22","page","type-page","status-publish","has-post-thumbnail","hentry"],"aioseo_notices":[],"jetpack_sharing_enabled":true,"_links":{"self":[{"href":"https:\/\/profixsurf.com.br\/index.php?rest_route=\/wp\/v2\/pages\/22"}],"collection":[{"href":"https:\/\/profixsurf.com.br\/index.php?rest_route=\/wp\/v2\/pages"}],"about":[{"href":"https:\/\/profixsurf.com.br\/index.php?rest_route=\/wp\/v2\/types\/page"}],"author":[{"embeddable":true,"href":"https:\/\/profixsurf.com.br\/index.php?rest_route=\/wp\/v2\/users\/1"}],"replies":[{"embeddable":true,"href":"https:\/\/profixsurf.com.br\/index.php?rest_route=%2Fwp%2Fv2%2Fcomments&post=22"}],"version-history":[{"count":1,"href":"https:\/\/profixsurf.com.br\/index.php?rest_route=\/wp\/v2\/pages\/22\/revisions"}],"predecessor-version":[{"id":449,"href":"https:\/\/profixsurf.com.br\/index.php?rest_route=\/wp\/v2\/pages\/22\/revisions\/449"}],"wp:featuredmedia":[{"embeddable":true,"href":"https:\/\/profixsurf.com.br\/index.php?rest_route=\/wp\/v2\/media\/420"}],"wp:attachment":[{"href":"https:\/\/profixsurf.com.br\/index.php?rest_route=%2Fwp%2Fv2%2Fmedia&parent=22"}],"curies":[{"name":"wp","href":"https:\/\/api.w.org\/{rel}","templated":true}]}}