{"id":33,"date":"2013-02-23T11:26:00","date_gmt":"2013-02-23T11:26:00","guid":{"rendered":"http:\/\/profixsurf.com.br\/?page_id=33"},"modified":"2022-11-11T18:38:27","modified_gmt":"2022-11-11T21:38:27","slug":"pranchas","status":"publish","type":"page","link":"https:\/\/profixsurf.com.br\/?page_id=33","title":{"rendered":"Pranchas"},"content":{"rendered":"<p><a href=\"https:\/\/i0.wp.com\/profixsurf.com.br\/wp-content\/uploads\/2013\/02\/Adriano.jpg\"><img data-recalc-dims=\"1\" loading=\"lazy\" decoding=\"async\" class=\"aligncenter wp-image-288 size-large\" src=\"https:\/\/i0.wp.com\/profixsurf.com.br\/wp-content\/uploads\/2013\/02\/Adriano.jpg?resize=525%2C295\" alt=\"\" width=\"525\" height=\"295\" srcset=\"https:\/\/i0.wp.com\/profixsurf.com.br\/wp-content\/uploads\/2013\/02\/Adriano.jpg?resize=1024%2C576&amp;ssl=1 1024w, https:\/\/i0.wp.com\/profixsurf.com.br\/wp-content\/uploads\/2013\/02\/Adriano.jpg?resize=300%2C169&amp;ssl=1 300w, https:\/\/i0.wp.com\/profixsurf.com.br\/wp-content\/uploads\/2013\/02\/Adriano.jpg?resize=768%2C432&amp;ssl=1 768w, https:\/\/i0.wp.com\/profixsurf.com.br\/wp-content\/uploads\/2013\/02\/Adriano.jpg?w=1575 1575w\" sizes=\"(max-width: 525px) 100vw, 525px\" \/><\/a><\/p>\n<h1><strong>Pranchas de surf novas e usadas<\/strong><\/h1>\n<p><strong>Bem-Vindos a Profix Surf<\/strong><br \/>\nCom mais de 150 pranchas usadas e novas. Possu\u00edmos alguns dos melhores pre\u00e7os da regi\u00e3o por trabalharmos somente com pranchas consignadas, pre\u00e7o de surfista para surfista.<\/p>\n<p><a href=\"https:\/\/i0.wp.com\/profixsurf.com.br\/wp-content\/uploads\/2013\/02\/pranchas.jpg\"><img data-recalc-dims=\"1\" loading=\"lazy\" decoding=\"async\" class=\"aligncenter size-large wp-image-282\" src=\"https:\/\/i0.wp.com\/profixsurf.com.br\/wp-content\/uploads\/2013\/02\/pranchas.jpg?resize=525%2C394\" alt=\"\" width=\"525\" height=\"394\" srcset=\"https:\/\/i0.wp.com\/profixsurf.com.br\/wp-content\/uploads\/2013\/02\/pranchas.jpg?resize=1024%2C768&amp;ssl=1 1024w, https:\/\/i0.wp.com\/profixsurf.com.br\/wp-content\/uploads\/2013\/02\/pranchas.jpg?resize=300%2C225&amp;ssl=1 300w, https:\/\/i0.wp.com\/profixsurf.com.br\/wp-content\/uploads\/2013\/02\/pranchas.jpg?resize=768%2C576&amp;ssl=1 768w, https:\/\/i0.wp.com\/profixsurf.com.br\/wp-content\/uploads\/2013\/02\/pranchas.jpg?w=1575 1575w\" sizes=\"(max-width: 525px) 100vw, 525px\" \/><\/a><\/p>\n<p>Oferecemos prancha soft (de espuma) para surfistas iniciantes, \u2018stand up\u2019 e pranchas TOW IN, tamb\u00e9m trabalhamos com encomendas de algumas das melhores marcas de pranchas de surf do Brasil.<\/p>\n","protected":false},"excerpt":{"rendered":"<p>Pranchas de surf novas e usadas Bem-Vindos a Profix Surf Com mais de 150 pranchas usadas e novas. Possu\u00edmos alguns dos melhores pre\u00e7os da regi\u00e3o por trabalharmos somente com pranchas consignadas, pre\u00e7o de surfista para surfista. Oferecemos prancha soft (de espuma) para surfistas iniciantes, \u2018stand up\u2019 e pranchas TOW IN, tamb\u00e9m trabalhamos com encomendas de &hellip; <\/p>\n<p class=\"link-more\"><a href=\"https:\/\/profixsurf.com.br\/?page_id=33\" class=\"more-link\">Continue lendo<span class=\"screen-reader-text\"> &#8220;Pranchas&#8221;<\/span><\/a><\/p>\n","protected":false},"author":1,"featured_media":288,"parent":0,"menu_order":40,"comment_status":"closed","ping_status":"closed","template":"","meta":{"ngg_post_thumbnail":0,"_joinchat":[],"footnotes":""},"class_list":["post-33","page","type-page","status-publish","has-post-thumbnail","hentry"],"aioseo_notices":[],"jetpack_sharing_enabled":true,"_links":{"self":[{"href":"https:\/\/profixsurf.com.br\/index.php?rest_route=\/wp\/v2\/pages\/33"}],"collection":[{"href":"https:\/\/profixsurf.com.br\/index.php?rest_route=\/wp\/v2\/pages"}],"about":[{"href":"https:\/\/profixsurf.com.br\/index.php?rest_route=\/wp\/v2\/types\/page"}],"author":[{"embeddable":true,"href":"https:\/\/profixsurf.com.br\/index.php?rest_route=\/wp\/v2\/users\/1"}],"replies":[{"embeddable":true,"href":"https:\/\/profixsurf.com.br\/index.php?rest_route=%2Fwp%2Fv2%2Fcomments&post=33"}],"version-history":[{"count":2,"href":"https:\/\/profixsurf.com.br\/index.php?rest_route=\/wp\/v2\/pages\/33\/revisions"}],"predecessor-version":[{"id":473,"href":"https:\/\/profixsurf.com.br\/index.php?rest_route=\/wp\/v2\/pages\/33\/revisions\/473"}],"wp:featuredmedia":[{"embeddable":true,"href":"https:\/\/profixsurf.com.br\/index.php?rest_route=\/wp\/v2\/media\/288"}],"wp:attachment":[{"href":"https:\/\/profixsurf.com.br\/index.php?rest_route=%2Fwp%2Fv2%2Fmedia&parent=33"}],"curies":[{"name":"wp","href":"https:\/\/api.w.org\/{rel}","templated":true}]}}