{"id":40,"date":"2013-02-23T11:38:31","date_gmt":"2013-02-23T11:38:31","guid":{"rendered":"http:\/\/profixsurf.com.br\/?page_id=40"},"modified":"2017-09-27T11:35:12","modified_gmt":"2017-09-27T14:35:12","slug":"tow-in","status":"publish","type":"page","link":"https:\/\/profixsurf.com.br\/?page_id=40","title":{"rendered":"Tow In"},"content":{"rendered":"<p><a href=\"https:\/\/i0.wp.com\/profixsurf.com.br\/wp-content\/uploads\/2013\/02\/tow.jpg\"><img data-recalc-dims=\"1\" loading=\"lazy\" decoding=\"async\" class=\"aligncenter size-full wp-image-41\" src=\"https:\/\/i0.wp.com\/profixsurf.com.br\/wp-content\/uploads\/2013\/02\/tow.jpg?resize=525%2C345\" alt=\"tow\" width=\"525\" height=\"345\" srcset=\"https:\/\/i0.wp.com\/profixsurf.com.br\/wp-content\/uploads\/2013\/02\/tow.jpg?w=640&amp;ssl=1 640w, https:\/\/i0.wp.com\/profixsurf.com.br\/wp-content\/uploads\/2013\/02\/tow.jpg?resize=300%2C196&amp;ssl=1 300w\" sizes=\"(max-width: 525px) 100vw, 525px\" \/><\/a><strong>Tow In Surf Charters America do Sul<\/strong><\/p>\n<p>TOW IN em algumas das melhores ondas da Am\u00e9rica do Sul (Brasil, Peru e Chile) para 1 ou 2 pessoas (com ou sem experi\u00eancia no esporte).<\/p>\n<p><strong>PERU<\/strong><\/p>\n<p><strong>Charter do 4 ou 7 dias de TOW IN na regi\u00e3o SUL do Peru<\/strong><\/p>\n<ul>\n<li>Traslado aeroporto &#8211; pousada &#8211; aeroporto.<\/li>\n<li>Estadia completa (com as tr\u00eas refei\u00e7\u00f5es + jantar de confraterniza\u00e7\u00e3o) no melhor&nbsp;Surfcamp&nbsp;da regi\u00e3o, a <strong>Pousada Luisfer Surf Camp<\/strong>, na frente de mais de 10 picos de ondas.<\/li>\n<li>Surf rebocado (com piloto incluso) ou somente uso do jet para chegar nos picos na manh\u00e3 ou tarde (4 a 6 horas ao dia dependendo da condi\u00e7\u00e3o das ondas).&nbsp;<\/li>\n<li>Pilotos com vasta experi\u00eancia na regi\u00e3o, Luisito, Adriano.<\/li>\n<li>Equipamentos completos ( prancha de TOW IN, coletes, long para tow in).<\/li>\n<li>Suporte de um das melhores equipes de TOW IN \/ OCEAN RIDERS.<\/li>\n<\/ul>\n<p><strong>Novidade:<\/strong><\/p>\n<p style=\"text-align: left;\">A <strong>Pousada Luisfer Surf Camp<\/strong> oferece <strong>aulas<\/strong> de Tow In para aprender a surfar ondas grandes e conhecer melhor as suas atitudes para enfrentar condi\u00e7\u00f5es extremas respeitando seus limites.<\/p>\n<p>Opcional:<\/p>\n<ul>\n<li>Aprender a pilotar.<\/li>\n<li>Fot\u00f3grafo dentro e fora d&#8217;\u00e1gua.<\/li>\n<li>Carro alugado.<\/li>\n<\/ul>\n<p><strong>CHILE<\/strong><\/p>\n<p><strong>Charter do 4 ou 7 dias de TOW IN no deserto norte chileno<\/strong><\/p>\n<ul>\n<li>Traslado aeroporto &#8211; hotel &#8211; aeroporto.<\/li>\n<li>Surf rebocado em ondas virgens, nunca surfadas, sem &#8216;crowd&#8217;. Aventura no deserto norte chileno com inumerosos reefs e beach breaks com ondas curtas tubulares ou longas com parede manobr\u00e1vel, muitas ainda para ser descobertas.<\/li>\n<li>Carro alugado nos 4 ou 7 dias.<\/li>\n<\/ul>\n<p>Opcional:<\/p>\n<ul>\n<li>Aprender a pilotar<\/li>\n<li>Fot\u00f3grafo dentro e fora d&#8217;\u00e1gua<\/li>\n<\/ul>\n<h3><strong>Caracter\u00edsticas dos Picos<\/strong><\/h3>\n<p><strong>PERU<\/strong><\/p>\n<ul>\n<li>V\u00e1rios OUTER REEFS sem &#8216;crowd&#8217;.<\/li>\n<li>Ondas constantes durante o ano todo, todos os dias com 2 metros, no m\u00ednimo e at\u00e9 10 metros.<\/li>\n<li>Ondas volumosas e muito perfeitas, ondas curtas e potentes em &#8216;reefs&#8217; mais rasos.<\/li>\n<li>Mais de 15 tipos de ondas.<\/li>\n<li>Indicado para iniciantes ou surfistas intermedi\u00e1rios ou experientes.<\/li>\n<\/ul>\n<p><strong>CHILE<\/strong><\/p>\n<ul>\n<li>Infinidade de &#8216;secrets&#8217; e ondas virgens nunca antes surfadas.<\/li>\n<li>V\u00e1rios OUTER REEFS sem &#8216;crowd&#8217;.<\/li>\n<li>Ondas super tubulares, somente surfistas com experi\u00eancia.<\/li>\n<li>Ondas volumosas e com bastante press\u00e3o, desde 1 at\u00e9 10 metros.<\/li>\n<li>Indicado para surfistas iniciantes ou intermedi\u00e1rios ou expertos em ondas longas com tubo.<\/li>\n<\/ul>\n<p><strong>Pilotos<\/strong>: Adriano Bola e Luisito<\/p>\n<h1><strong>Para mais informa\u00e7\u00f5es envie um e-mail, clique <a href=\"http:\/\/profixsurf.com.br\/?page_id=27\">AQUI<\/a><\/strong><\/h1>\n","protected":false},"excerpt":{"rendered":"<p>Tow In Surf Charters America do Sul TOW IN em algumas das melhores ondas da Am\u00e9rica do Sul (Brasil, Peru e Chile) para 1 ou 2 pessoas (com ou sem experi\u00eancia no esporte). PERU Charter do 4 ou 7 dias de TOW IN na regi\u00e3o SUL do Peru Traslado aeroporto &#8211; pousada &#8211; aeroporto. Estadia &hellip; <\/p>\n<p class=\"link-more\"><a href=\"https:\/\/profixsurf.com.br\/?page_id=40\" class=\"more-link\">Continue lendo<span class=\"screen-reader-text\"> &#8220;Tow In&#8221;<\/span><\/a><\/p>\n","protected":false},"author":1,"featured_media":0,"parent":0,"menu_order":50,"comment_status":"closed","ping_status":"closed","template":"","meta":{"ngg_post_thumbnail":0,"_joinchat":[],"footnotes":""},"class_list":["post-40","page","type-page","status-publish","hentry"],"aioseo_notices":[],"jetpack_sharing_enabled":true,"_links":{"self":[{"href":"https:\/\/profixsurf.com.br\/index.php?rest_route=\/wp\/v2\/pages\/40"}],"collection":[{"href":"https:\/\/profixsurf.com.br\/index.php?rest_route=\/wp\/v2\/pages"}],"about":[{"href":"https:\/\/profixsurf.com.br\/index.php?rest_route=\/wp\/v2\/types\/page"}],"author":[{"embeddable":true,"href":"https:\/\/profixsurf.com.br\/index.php?rest_route=\/wp\/v2\/users\/1"}],"replies":[{"embeddable":true,"href":"https:\/\/profixsurf.com.br\/index.php?rest_route=%2Fwp%2Fv2%2Fcomments&post=40"}],"version-history":[{"count":0,"href":"https:\/\/profixsurf.com.br\/index.php?rest_route=\/wp\/v2\/pages\/40\/revisions"}],"wp:attachment":[{"href":"https:\/\/profixsurf.com.br\/index.php?rest_route=%2Fwp%2Fv2%2Fmedia&parent=40"}],"curies":[{"name":"wp","href":"https:\/\/api.w.org\/{rel}","templated":true}]}}