{"id":81,"date":"2013-02-26T12:50:19","date_gmt":"2013-02-26T12:50:19","guid":{"rendered":"http:\/\/profixsurf.com.br\/?page_id=81"},"modified":"2017-09-13T15:14:21","modified_gmt":"2017-09-13T18:14:21","slug":"escola-2","status":"publish","type":"page","link":"https:\/\/profixsurf.com.br\/?page_id=81","title":{"rendered":"Aulas"},"content":{"rendered":"<p><img data-recalc-dims=\"1\" loading=\"lazy\" decoding=\"async\" class=\"aligncenter size-large wp-image-270\" src=\"https:\/\/i0.wp.com\/profixsurf.com.br\/wp-content\/uploads\/2013\/02\/a_40.jpg?resize=525%2C358\" alt=\"\" width=\"525\" height=\"358\" srcset=\"https:\/\/i0.wp.com\/profixsurf.com.br\/wp-content\/uploads\/2013\/02\/a_40.jpg?resize=1024%2C699&amp;ssl=1 1024w, https:\/\/i0.wp.com\/profixsurf.com.br\/wp-content\/uploads\/2013\/02\/a_40.jpg?resize=300%2C205&amp;ssl=1 300w, https:\/\/i0.wp.com\/profixsurf.com.br\/wp-content\/uploads\/2013\/02\/a_40.jpg?resize=768%2C524&amp;ssl=1 768w, https:\/\/i0.wp.com\/profixsurf.com.br\/wp-content\/uploads\/2013\/02\/a_40.jpg?w=1575 1575w\" sizes=\"(max-width: 525px) 100vw, 525px\" \/><\/p>\n<h2><strong>Aulas de Tow In<\/strong><\/h2>\n<h3><strong>Inicia\u00e7\u00e3o Tow In<\/strong><\/h3>\n<h3><strong>Pacote 1 &#8211; Surf Rebocado\/Tow In<\/strong><\/h3>\n<ul>\n<li>Op\u00e7\u00e3o de entre 1 a 3 pessoas para aprender a surfar sendo rebocado pelo jet ski.<\/li>\n<li>O tamanho das ondas depende do n\u00edvel do surfista (Intermedi\u00e1rio \/ Especialista)<\/li>\n<li>Pranchas, coletes e equipamento fornecido.<\/li>\n<li>Sem pilotagem de jet ski.<\/li>\n<\/ul>\n<p><img data-recalc-dims=\"1\" loading=\"lazy\" decoding=\"async\" class=\"aligncenter size-large wp-image-272\" src=\"https:\/\/i0.wp.com\/profixsurf.com.br\/wp-content\/uploads\/2013\/02\/a_39.jpg?resize=525%2C394\" alt=\"\" width=\"525\" height=\"394\" srcset=\"https:\/\/i0.wp.com\/profixsurf.com.br\/wp-content\/uploads\/2013\/02\/a_39.jpg?resize=1024%2C768&amp;ssl=1 1024w, https:\/\/i0.wp.com\/profixsurf.com.br\/wp-content\/uploads\/2013\/02\/a_39.jpg?resize=300%2C225&amp;ssl=1 300w, https:\/\/i0.wp.com\/profixsurf.com.br\/wp-content\/uploads\/2013\/02\/a_39.jpg?resize=768%2C576&amp;ssl=1 768w, https:\/\/i0.wp.com\/profixsurf.com.br\/wp-content\/uploads\/2013\/02\/a_39.jpg?w=1575 1575w\" sizes=\"(max-width: 525px) 100vw, 525px\" \/><\/p>\n<h3><strong>Pacote 2 &#8211; Inicia\u00e7\u00e3o pilotagem de Jet Ski<\/strong><\/h3>\n<ul>\n<li style=\"text-align: left;\">Op\u00e7\u00e3o de entre 1 a 2 pessoas.<\/li>\n<li>6 Aulas:<br \/>\n&nbsp; &nbsp; &nbsp; &nbsp; 1. Arraes &#8211; Motonauta &#8211; Habilita\u00e7\u00e3o (Salva Surf\/Barra Nautica).<br \/>\n&nbsp; &nbsp; &nbsp; &nbsp; 2. Teoria e pratica no mar com o Jet Ski.<br \/>\n&nbsp; &nbsp; &nbsp; &nbsp; 3. Pilotagem com ondas com t\u00e9cnicas de puxada.<br \/>\n&nbsp; &nbsp; &nbsp; &nbsp; 4. Pilotagem com t\u00e9cnicas de resgate.<br \/>\n&nbsp; &nbsp; &nbsp; &nbsp; 5. Pilotagem com t\u00e9cnicas de resgate\/puxada.<br \/>\n&nbsp; &nbsp; &nbsp; &nbsp; 6. Tow In num dia com ondas grandes.<\/li>\n<li>Cada aula tem uma dura\u00e7\u00e3o de entre 3 a 5 horas.<\/li>\n<li>Equipamentos fornecidos por Salva Surf\/Barra Nautica e Profix.<\/li>\n<\/ul>\n<p><img data-recalc-dims=\"1\" loading=\"lazy\" decoding=\"async\" class=\"aligncenter size-large wp-image-271\" src=\"https:\/\/i0.wp.com\/profixsurf.com.br\/wp-content\/uploads\/2013\/02\/a_38.jpg?resize=525%2C394\" alt=\"\" width=\"525\" height=\"394\" srcset=\"https:\/\/i0.wp.com\/profixsurf.com.br\/wp-content\/uploads\/2013\/02\/a_38.jpg?resize=1024%2C768&amp;ssl=1 1024w, https:\/\/i0.wp.com\/profixsurf.com.br\/wp-content\/uploads\/2013\/02\/a_38.jpg?resize=300%2C225&amp;ssl=1 300w, https:\/\/i0.wp.com\/profixsurf.com.br\/wp-content\/uploads\/2013\/02\/a_38.jpg?resize=768%2C576&amp;ssl=1 768w, https:\/\/i0.wp.com\/profixsurf.com.br\/wp-content\/uploads\/2013\/02\/a_38.jpg?resize=800%2C600&amp;ssl=1 800w, https:\/\/i0.wp.com\/profixsurf.com.br\/wp-content\/uploads\/2013\/02\/a_38.jpg?w=1575 1575w\" sizes=\"(max-width: 525px) 100vw, 525px\" \/><\/p>\n<h3><strong>Pacote 3 &#8211; Alugel de Jet Ski + Piloto em ondas grandes para um dia inesquec\u00edvel de Tow In.<\/strong><\/h3>\n<ul>\n<li>Entre 5 a 6 horas de Tow In com piloto experto.<\/li>\n<li>Surfistas com n\u00edvel intermedi\u00e1rio ou espertos ou que tenham passado &nbsp;pelo Pacote 1 ou Pacote 2.<\/li>\n<\/ul>\n<p><strong>Pilotos:<\/strong> Adriano Bola e Andr\u00e9 Barcelos<\/p>\n<p><strong>Pre\u00e7os dos Pacotes favor contatar telefone ou e-mail:&nbsp;<a href=\"http:\/\/profixsurf.com.br\/?page_id=27\">AQUI<\/a><\/strong><\/p>\n","protected":false},"excerpt":{"rendered":"<p>Aulas de Tow In Inicia\u00e7\u00e3o Tow In Pacote 1 &#8211; Surf Rebocado\/Tow In Op\u00e7\u00e3o de entre 1 a 3 pessoas para aprender a surfar sendo rebocado pelo jet ski. O tamanho das ondas depende do n\u00edvel do surfista (Intermedi\u00e1rio \/ Especialista) Pranchas, coletes e equipamento fornecido. Sem pilotagem de jet ski. Pacote 2 &#8211; Inicia\u00e7\u00e3o &hellip; <\/p>\n<p class=\"link-more\"><a href=\"https:\/\/profixsurf.com.br\/?page_id=81\" class=\"more-link\">Continue lendo<span class=\"screen-reader-text\"> &#8220;Aulas&#8221;<\/span><\/a><\/p>\n","protected":false},"author":1,"featured_media":0,"parent":0,"menu_order":55,"comment_status":"closed","ping_status":"closed","template":"","meta":{"ngg_post_thumbnail":0,"_joinchat":[],"footnotes":""},"class_list":["post-81","page","type-page","status-publish","hentry"],"aioseo_notices":[],"jetpack_sharing_enabled":true,"_links":{"self":[{"href":"https:\/\/profixsurf.com.br\/index.php?rest_route=\/wp\/v2\/pages\/81"}],"collection":[{"href":"https:\/\/profixsurf.com.br\/index.php?rest_route=\/wp\/v2\/pages"}],"about":[{"href":"https:\/\/profixsurf.com.br\/index.php?rest_route=\/wp\/v2\/types\/page"}],"author":[{"embeddable":true,"href":"https:\/\/profixsurf.com.br\/index.php?rest_route=\/wp\/v2\/users\/1"}],"replies":[{"embeddable":true,"href":"https:\/\/profixsurf.com.br\/index.php?rest_route=%2Fwp%2Fv2%2Fcomments&post=81"}],"version-history":[{"count":0,"href":"https:\/\/profixsurf.com.br\/index.php?rest_route=\/wp\/v2\/pages\/81\/revisions"}],"wp:attachment":[{"href":"https:\/\/profixsurf.com.br\/index.php?rest_route=%2Fwp%2Fv2%2Fmedia&parent=81"}],"curies":[{"name":"wp","href":"https:\/\/api.w.org\/{rel}","templated":true}]}}